{"id":47,"date":"2012-06-04T16:49:06","date_gmt":"2012-06-04T16:49:06","guid":{"rendered":"http:\/\/antonio-gomez.com\/?page_id=47"},"modified":"2012-06-16T08:21:35","modified_gmt":"2012-06-16T08:21:35","slug":"biografia","status":"publish","type":"page","link":"http:\/\/antonio-gomez.com\/?page_id=47","title":{"rendered":"BIOGRAFIA"},"content":{"rendered":"<p>Antonio G\u00f3mez, Pintor al \u00f3leo y escultor nacido en C\u00f3rdoba, (Andaluc\u00eda)<\/p>\n<p>Ha recorrido toda Espa\u00f1a, maravillado con los campos, los prados y las tierras de cultivo saca su inspiraci\u00f3n para pintar. \u00a0De ah\u00ed su pasi\u00f3n por la pintura paisajista.<\/p>\n","protected":false},"excerpt":{"rendered":"<p>Antonio G\u00f3mez, Pintor al \u00f3leo y escultor nacido en C\u00f3rdoba, (Andaluc\u00eda) Ha recorrido toda Espa\u00f1a, maravillado con los campos, los prados y las tierras de cultivo saca su inspiraci\u00f3n para pintar. \u00a0De ah\u00ed su pasi\u00f3n por la pintura paisajista.<\/p>\n","protected":false},"author":2,"featured_media":0,"parent":0,"menu_order":0,"comment_status":"open","ping_status":"open","template":"","meta":{"footnotes":""},"class_list":["post-47","page","type-page","status-publish","hentry"],"_links":{"self":[{"href":"http:\/\/antonio-gomez.com\/index.php?rest_route=\/wp\/v2\/pages\/47","targetHints":{"allow":["GET"]}}],"collection":[{"href":"http:\/\/antonio-gomez.com\/index.php?rest_route=\/wp\/v2\/pages"}],"about":[{"href":"http:\/\/antonio-gomez.com\/index.php?rest_route=\/wp\/v2\/types\/page"}],"author":[{"embeddable":true,"href":"http:\/\/antonio-gomez.com\/index.php?rest_route=\/wp\/v2\/users\/2"}],"replies":[{"embeddable":true,"href":"http:\/\/antonio-gomez.com\/index.php?rest_route=%2Fwp%2Fv2%2Fcomments&post=47"}],"version-history":[{"count":3,"href":"http:\/\/antonio-gomez.com\/index.php?rest_route=\/wp\/v2\/pages\/47\/revisions"}],"predecessor-version":[{"id":56,"href":"http:\/\/antonio-gomez.com\/index.php?rest_route=\/wp\/v2\/pages\/47\/revisions\/56"}],"wp:attachment":[{"href":"http:\/\/antonio-gomez.com\/index.php?rest_route=%2Fwp%2Fv2%2Fmedia&parent=47"}],"curies":[{"name":"wp","href":"https:\/\/api.w.org\/{rel}","templated":true}]}}